{"id":1431,"date":"2025-03-29T17:03:06","date_gmt":"2025-03-29T16:03:06","guid":{"rendered":"http:\/\/www.janovsky-trhak.cz\/?page_id=1431"},"modified":"2025-03-29T17:07:17","modified_gmt":"2025-03-29T16:07:17","slug":"startovni-listina-2025","status":"publish","type":"page","link":"https:\/\/www.janovsky-trhak.cz\/?page_id=1431","title":{"rendered":"Startovn\u00ed listina"},"content":{"rendered":"<p>Pro p\u0159ehled startovn\u00ed listiny klikn\u011bte zde:\u00a0<a href=\"https:\/\/irontime.cz\/startovka3124\">Startovn\u00ed listina<\/a><\/p>\n","protected":false},"excerpt":{"rendered":"<p>Pro p\u0159ehled startovn\u00ed listiny klikn\u011bte zde:\u00a0Startovn\u00ed listina<\/p>\n","protected":false},"author":1,"featured_media":0,"parent":0,"menu_order":0,"comment_status":"closed","ping_status":"closed","template":"","meta":[],"_links":{"self":[{"href":"https:\/\/www.janovsky-trhak.cz\/index.php?rest_route=\/wp\/v2\/pages\/1431"}],"collection":[{"href":"https:\/\/www.janovsky-trhak.cz\/index.php?rest_route=\/wp\/v2\/pages"}],"about":[{"href":"https:\/\/www.janovsky-trhak.cz\/index.php?rest_route=\/wp\/v2\/types\/page"}],"author":[{"embeddable":true,"href":"https:\/\/www.janovsky-trhak.cz\/index.php?rest_route=\/wp\/v2\/users\/1"}],"replies":[{"embeddable":true,"href":"https:\/\/www.janovsky-trhak.cz\/index.php?rest_route=%2Fwp%2Fv2%2Fcomments&post=1431"}],"version-history":[{"count":3,"href":"https:\/\/www.janovsky-trhak.cz\/index.php?rest_route=\/wp\/v2\/pages\/1431\/revisions"}],"predecessor-version":[{"id":1437,"href":"https:\/\/www.janovsky-trhak.cz\/index.php?rest_route=\/wp\/v2\/pages\/1431\/revisions\/1437"}],"wp:attachment":[{"href":"https:\/\/www.janovsky-trhak.cz\/index.php?rest_route=%2Fwp%2Fv2%2Fmedia&parent=1431"}],"curies":[{"name":"wp","href":"https:\/\/api.w.org\/{rel}","templated":true}]}}