{"id":1440,"date":"2025-03-29T17:12:38","date_gmt":"2025-03-29T16:12:38","guid":{"rendered":"http:\/\/www.janovsky-trhak.cz\/?page_id=1440"},"modified":"2025-03-29T17:12:38","modified_gmt":"2025-03-29T16:12:38","slug":"vysledky-2025","status":"publish","type":"page","link":"https:\/\/www.janovsky-trhak.cz\/?page_id=1440","title":{"rendered":"V\u00fdsledky (2025)"},"content":{"rendered":"<p>Pro p\u0159ehled v\u00fdsledk\u016f klikn\u011bte zde:\u00a0<a href=\"https:\/\/irontime.cz\/vysledky3124\">V\u00fdsledky<\/a><\/p>\n","protected":false},"excerpt":{"rendered":"<p>Pro p\u0159ehled v\u00fdsledk\u016f klikn\u011bte zde:\u00a0V\u00fdsledky<\/p>\n","protected":false},"author":1,"featured_media":0,"parent":0,"menu_order":0,"comment_status":"closed","ping_status":"closed","template":"","meta":[],"_links":{"self":[{"href":"https:\/\/www.janovsky-trhak.cz\/index.php?rest_route=\/wp\/v2\/pages\/1440"}],"collection":[{"href":"https:\/\/www.janovsky-trhak.cz\/index.php?rest_route=\/wp\/v2\/pages"}],"about":[{"href":"https:\/\/www.janovsky-trhak.cz\/index.php?rest_route=\/wp\/v2\/types\/page"}],"author":[{"embeddable":true,"href":"https:\/\/www.janovsky-trhak.cz\/index.php?rest_route=\/wp\/v2\/users\/1"}],"replies":[{"embeddable":true,"href":"https:\/\/www.janovsky-trhak.cz\/index.php?rest_route=%2Fwp%2Fv2%2Fcomments&post=1440"}],"version-history":[{"count":1,"href":"https:\/\/www.janovsky-trhak.cz\/index.php?rest_route=\/wp\/v2\/pages\/1440\/revisions"}],"predecessor-version":[{"id":1441,"href":"https:\/\/www.janovsky-trhak.cz\/index.php?rest_route=\/wp\/v2\/pages\/1440\/revisions\/1441"}],"wp:attachment":[{"href":"https:\/\/www.janovsky-trhak.cz\/index.php?rest_route=%2Fwp%2Fv2%2Fmedia&parent=1440"}],"curies":[{"name":"wp","href":"https:\/\/api.w.org\/{rel}","templated":true}]}}