{"id":1980,"date":"2026-03-28T17:00:46","date_gmt":"2026-03-28T16:00:46","guid":{"rendered":"https:\/\/www.janovsky-trhak.cz\/?page_id=1980"},"modified":"2026-03-29T22:49:16","modified_gmt":"2026-03-29T20:49:16","slug":"kategorie-zavodu-dle-roku-narozeni","status":"publish","type":"page","link":"https:\/\/www.janovsky-trhak.cz\/?page_id=1980","title":{"rendered":"Kategorie z\u00e1vodu"},"content":{"rendered":"\n<h3 class=\"wp-block-heading has-black-color has-text-color\"><strong>Mu\u017ei<\/strong><\/h3>\n\n\n\n<ul class=\"has-black-color has-text-color\">\n<li><strong>Star\u0161\u00ed chlapci a kadeti (13\u201316 let):<\/strong> 2010\u20132013<\/li>\n\n\n\n<li><strong>Junio\u0159i a mu\u017ei (17\u201329 let):<\/strong> 1997\u20132009<\/li>\n\n\n\n<li><strong>Veter\u00e1ni I. (30\u201339 let):<\/strong> 1987\u20131996<\/li>\n\n\n\n<li><strong>Veter\u00e1ni II. (40\u201349 let):<\/strong> 1977\u20131986<\/li>\n\n\n\n<li><strong>Veter\u00e1ni III. (50\u201359 let):<\/strong> 1967\u20131976<\/li>\n\n\n\n<li><strong>Mu\u017ei 60+ (60 a v\u00edce let):<\/strong> 1966 a star\u0161\u00ed<\/li>\n<\/ul>\n\n\n\n<hr class=\"wp-block-separator has-alpha-channel-opacity\"\/>\n\n\n\n<h3 class=\"wp-block-heading has-black-color has-text-color\"><strong>\u017deny<\/strong><\/h3>\n\n\n\n<ul class=\"has-black-color has-text-color\">\n<li><strong>Star\u0161\u00ed d\u00edvky a kadetky (13\u201316 let):<\/strong> 2010\u20132013<\/li>\n\n\n\n<li><strong>Juniorky (17\u201335 let):<\/strong> 1991\u20132009<\/li>\n\n\n\n<li><strong>\u017deny (36\u201349 let):<\/strong> 1977\u20131990<\/li>\n\n\n\n<li><strong>\u017deny II. (50 a v\u00edce let):<\/strong> 1976 a star\u0161\u00ed<\/li>\n<\/ul>\n\n\n\n<hr class=\"wp-block-separator has-alpha-channel-opacity\"\/>\n\n\n\n<h3 class=\"wp-block-heading has-black-color has-text-color\"><strong>Tandem<\/strong><\/h3>\n\n\n\n<ul class=\"has-black-color has-text-color\">\n<li>pouze jedna kategorie bez ohledu na v\u011bk<\/li>\n\n\n\n<li>p\u0159ihl\u00e1sit se mus\u00ed oba z\u00e1vodn\u00edci a ka\u017ed\u00fd z dvojice plat\u00ed startovn\u00e9<\/li>\n<\/ul>\n\n\n\n<hr class=\"wp-block-separator has-alpha-channel-opacity\"\/>\n\n\n\n<h3 class=\"wp-block-heading has-black-color has-text-color\"><strong>D\u011btsk\u00e9 kategorie<\/strong><\/h3>\n\n\n\n<p class=\"has-black-color has-text-color\"><em>C\u00edl i tra\u0165 odpov\u00eddaj\u00ed hlavn\u00edmu z\u00e1vodu, pouze ve zkr\u00e1cen\u00e9 variant\u011b.<\/em><\/p>\n\n\n\n<ul class=\"has-black-color has-text-color\">\n<li><strong>Mr\u0148ouskov\u00e9 (do 3 let):<\/strong> 2023 a mlad\u0161\u00ed <em>(trasa 70 m)<\/em><\/li>\n\n\n\n<li><strong>Nad\u011bje I. (4\u20136 let):<\/strong> 2020\u20132022 <em>(trasa 150 m)<\/em><\/li>\n\n\n\n<li><strong>Nad\u011bje II. (7\u20139 let):<\/strong> 2017\u20132019 <em>(trasa 300 m)<\/em><\/li>\n\n\n\n<li><strong>Mlad\u0161\u00ed chlapci (10\u201312 let):<\/strong> 2014\u20132016 <em>(trasa 450 m)<\/em><\/li>\n\n\n\n<li><strong>Mlad\u0161\u00ed d\u00edvky (10\u201312 let):<\/strong> 2014\u20132016 <em>(trasa 450 m)<\/em><\/li>\n<\/ul>\n","protected":false},"excerpt":{"rendered":"<p>Mu\u017ei \u017deny Tandem D\u011btsk\u00e9 kategorie C\u00edl i tra\u0165 odpov\u00eddaj\u00ed hlavn\u00edmu z\u00e1vodu, pouze ve zkr\u00e1cen\u00e9 variant\u011b.<\/p>\n","protected":false},"author":1,"featured_media":0,"parent":0,"menu_order":0,"comment_status":"closed","ping_status":"closed","template":"","meta":[],"_links":{"self":[{"href":"https:\/\/www.janovsky-trhak.cz\/index.php?rest_route=\/wp\/v2\/pages\/1980"}],"collection":[{"href":"https:\/\/www.janovsky-trhak.cz\/index.php?rest_route=\/wp\/v2\/pages"}],"about":[{"href":"https:\/\/www.janovsky-trhak.cz\/index.php?rest_route=\/wp\/v2\/types\/page"}],"author":[{"embeddable":true,"href":"https:\/\/www.janovsky-trhak.cz\/index.php?rest_route=\/wp\/v2\/users\/1"}],"replies":[{"embeddable":true,"href":"https:\/\/www.janovsky-trhak.cz\/index.php?rest_route=%2Fwp%2Fv2%2Fcomments&post=1980"}],"version-history":[{"count":4,"href":"https:\/\/www.janovsky-trhak.cz\/index.php?rest_route=\/wp\/v2\/pages\/1980\/revisions"}],"predecessor-version":[{"id":2052,"href":"https:\/\/www.janovsky-trhak.cz\/index.php?rest_route=\/wp\/v2\/pages\/1980\/revisions\/2052"}],"wp:attachment":[{"href":"https:\/\/www.janovsky-trhak.cz\/index.php?rest_route=%2Fwp%2Fv2%2Fmedia&parent=1980"}],"curies":[{"name":"wp","href":"https:\/\/api.w.org\/{rel}","templated":true}]}}