{"id":235,"date":"2015-05-23T11:34:52","date_gmt":"2015-05-23T09:34:52","guid":{"rendered":"http:\/\/www.janovsky-trhak.cz\/?page_id=235"},"modified":"2016-02-29T17:31:35","modified_gmt":"2016-02-29T16:31:35","slug":"startovni-listina-deti","status":"publish","type":"page","link":"https:\/\/www.janovsky-trhak.cz\/?page_id=235","title":{"rendered":"Startovn\u00ed listina (d\u011bti)"},"content":{"rendered":"<table class=\"startovniListina\"><tr><th class=\"startovniListinaCentrovana\" width=\"20%\">Startovn\u00ed pozice<\/th><th class=\"startovniListinaCentrovana\">Jm\u00e9no<\/th><th class=\"startovniListinaCentrovana\">P\u0159\u00edjmen\u00ed<\/th><th class=\"startovniListinaCentrovana\">Rok narozen\u00ed<\/th><th class=\"startovniListinaCentrovana\">M\u011bsto<\/th><\/tr><tr><td class=\"startovniListinaCentrovana\">1.<\/td><td class=\"startovniListina\">Anna<\/td><td class=\"startovniListina\">Zrustova<\/td><td class=\"startovniListinaCentrovana\">2007<\/td><td class=\"startovniListina\">Janov<\/td><\/tr><tr><td class=\"startovniListinaCentrovana\">2.<\/td><td class=\"startovniListina\">Adelka <\/td><td class=\"startovniListina\">Kopecka<\/td><td class=\"startovniListinaCentrovana\">2009<\/td><td class=\"startovniListina\">Janov<\/td><\/tr><tr><td class=\"startovniListinaCentrovana\">3.<\/td><td class=\"startovniListina\">Sebastian<\/td><td class=\"startovniListina\">Pros<\/td><td class=\"startovniListinaCentrovana\">2012<\/td><td class=\"startovniListina\">D\u011b\u010d\u00edn<\/td><\/tr><tr><td class=\"startovniListinaCentrovana\">4.<\/td><td class=\"startovniListina\">Tereza<\/td><td class=\"startovniListina\">Krn\u00e1\u010dov\u00e1<\/td><td class=\"startovniListinaCentrovana\">2010<\/td><td class=\"startovniListina\">D\u011b\u010d\u00edn<\/td><\/tr><tr><td class=\"startovniListinaCentrovana\">5.<\/td><td class=\"startovniListina\">Emma<\/td><td class=\"startovniListina\">Buchmannov\u00e1<\/td><td class=\"startovniListinaCentrovana\">2010<\/td><td class=\"startovniListina\">D\u011b\u010d\u00edn<\/td><\/tr><tr><td class=\"startovniListinaCentrovana\">6.<\/td><td class=\"startovniListina\">Sofie<\/td><td class=\"startovniListina\">Laskosova<\/td><td class=\"startovniListinaCentrovana\">2010<\/td><td class=\"startovniListina\"><\/td><\/tr><tr><td class=\"startovniListinaCentrovana\">7.<\/td><td class=\"startovniListina\">David<\/td><td class=\"startovniListina\">Bozsen\u00edk<\/td><td class=\"startovniListinaCentrovana\">2008<\/td><td class=\"startovniListina\">D\u011b\u010d\u00edn<\/td><\/tr><tr><td class=\"startovniListinaCentrovana\">8.<\/td><td class=\"startovniListina\">Barbora <\/td><td class=\"startovniListina\">Siln\u00e1<\/td><td class=\"startovniListinaCentrovana\">2010<\/td><td class=\"startovniListina\">D\u011b\u010d\u00edn<\/td><\/tr><tr><td class=\"startovniListinaCentrovana\">9.<\/td><td class=\"startovniListina\">Ond\u0159ej<\/td><td class=\"startovniListina\">Trnka<\/td><td class=\"startovniListinaCentrovana\">2007<\/td><td class=\"startovniListina\">\u00dast\u00ed nad Labem<\/td><\/tr><tr><td class=\"startovniListinaCentrovana\">10.<\/td><td class=\"startovniListina\">Jakub<\/td><td class=\"startovniListina\">Dzupina<\/td><td class=\"startovniListinaCentrovana\">2011<\/td><td class=\"startovniListina\">Arnoltice<\/td><\/tr><tr><td class=\"startovniListinaCentrovana\">11.<\/td><td class=\"startovniListina\">Jan<\/td><td class=\"startovniListina\">\u010c\u00edla<\/td><td class=\"startovniListinaCentrovana\">2013<\/td><td class=\"startovniListina\">Janov<\/td><\/tr><tr><td class=\"startovniListinaCentrovana\">12.<\/td><td class=\"startovniListina\">Ivan<\/td><td class=\"startovniListina\">Pajer<\/td><td class=\"startovniListinaCentrovana\">2006<\/td><td class=\"startovniListina\">D\u011b\u010d\u00edn<\/td><\/tr><tr><td class=\"startovniListinaCentrovana\">13.<\/td><td class=\"startovniListina\">Miroslav<\/td><td class=\"startovniListina\">Strnad<\/td><td class=\"startovniListinaCentrovana\">2008<\/td><td class=\"startovniListina\">D\u011b\u010d\u00edn<\/td><\/tr><tr><td class=\"startovniListinaCentrovana\">14.<\/td><td class=\"startovniListina\">Ond\u0159ej<\/td><td class=\"startovniListina\">Vohradnik <\/td><td class=\"startovniListinaCentrovana\">2011<\/td><td class=\"startovniListina\">D\u011b\u010d\u00edn<\/td><\/tr><tr><td class=\"startovniListinaCentrovana\">15.<\/td><td class=\"startovniListina\">Kate\u0159ina<\/td><td class=\"startovniListina\">K\u0159\u00ed\u017ekov\u00e1<\/td><td class=\"startovniListinaCentrovana\">2010<\/td><td class=\"startovniListina\">H\u0159ensko<\/td><\/tr><tr><td class=\"startovniListinaCentrovana\">16.<\/td><td class=\"startovniListina\">Michaela <\/td><td class=\"startovniListina\">K\u0159\u00ed\u017ekov\u00e1<\/td><td class=\"startovniListinaCentrovana\">2007<\/td><td class=\"startovniListina\">H\u0159ensko<\/td><\/tr><tr><td class=\"startovniListinaCentrovana\">17.<\/td><td class=\"startovniListina\">Tomas <\/td><td class=\"startovniListina\">Sabol<\/td><td class=\"startovniListinaCentrovana\">2014<\/td><td class=\"startovniListina\">Janov<\/td><\/tr><tr><td class=\"startovniListinaCentrovana\">18.<\/td><td class=\"startovniListina\">Anna<\/td><td class=\"startovniListina\">Ko\u0161\u00edkov\u00e1<\/td><td class=\"startovniListinaCentrovana\">2005<\/td><td class=\"startovniListina\">Janov<\/td><\/tr><tr><td class=\"startovniListinaCentrovana\">19.<\/td><td class=\"startovniListina\">Barbora<\/td><td class=\"startovniListina\">Ko\u0161\u00edkov\u00e1<\/td><td class=\"startovniListinaCentrovana\">2011<\/td><td class=\"startovniListina\">Janov<\/td><\/tr><tr><td class=\"startovniListinaCentrovana\">20.<\/td><td class=\"startovniListina\">Miroslav<\/td><td class=\"startovniListina\">Dole\u017eal<\/td><td class=\"startovniListinaCentrovana\">2011<\/td><td class=\"startovniListina\">R\u016f\u017eov\u00e1<\/td><\/tr><tr><td class=\"startovniListinaCentrovana\">21.<\/td><td class=\"startovniListina\">Maty\u00e1\u0161<\/td><td class=\"startovniListina\">Dole\u017eal<\/td><td class=\"startovniListinaCentrovana\">2008<\/td><td class=\"startovniListina\">R\u016f\u017eov\u00e1<\/td><\/tr><tr><td class=\"startovniListinaCentrovana\">22.<\/td><td class=\"startovniListina\">Tom\u00e1\u0161<\/td><td class=\"startovniListina\">Pol\u00e1k<\/td><td class=\"startovniListinaCentrovana\">2012<\/td><td class=\"startovniListina\">Bynovec<\/td><\/tr><\/table>\n","protected":false},"excerpt":{"rendered":"","protected":false},"author":1,"featured_media":0,"parent":0,"menu_order":0,"comment_status":"closed","ping_status":"open","template":"","meta":[],"_links":{"self":[{"href":"https:\/\/www.janovsky-trhak.cz\/index.php?rest_route=\/wp\/v2\/pages\/235"}],"collection":[{"href":"https:\/\/www.janovsky-trhak.cz\/index.php?rest_route=\/wp\/v2\/pages"}],"about":[{"href":"https:\/\/www.janovsky-trhak.cz\/index.php?rest_route=\/wp\/v2\/types\/page"}],"author":[{"embeddable":true,"href":"https:\/\/www.janovsky-trhak.cz\/index.php?rest_route=\/wp\/v2\/users\/1"}],"replies":[{"embeddable":true,"href":"https:\/\/www.janovsky-trhak.cz\/index.php?rest_route=%2Fwp%2Fv2%2Fcomments&post=235"}],"version-history":[{"count":5,"href":"https:\/\/www.janovsky-trhak.cz\/index.php?rest_route=\/wp\/v2\/pages\/235\/revisions"}],"predecessor-version":[{"id":594,"href":"https:\/\/www.janovsky-trhak.cz\/index.php?rest_route=\/wp\/v2\/pages\/235\/revisions\/594"}],"wp:attachment":[{"href":"https:\/\/www.janovsky-trhak.cz\/index.php?rest_route=%2Fwp%2Fv2%2Fmedia&parent=235"}],"curies":[{"name":"wp","href":"https:\/\/api.w.org\/{rel}","templated":true}]}}