{"id":456,"date":"2015-07-12T16:34:13","date_gmt":"2015-07-12T14:34:13","guid":{"rendered":"http:\/\/www.janovsky-trhak.cz\/?page_id=456"},"modified":"2015-07-12T16:34:13","modified_gmt":"2015-07-12T14:34:13","slug":"vysledky-muzi","status":"publish","type":"page","link":"https:\/\/www.janovsky-trhak.cz\/?page_id=456","title":{"rendered":"Vysledky &#8211; Mu\u017ei"},"content":{"rendered":"<p><strong>Kategorie &#8211; Star\u0161\u00ed chlapci + Kadeti<\/strong><\/p>\n<table>\n<tr>\n<td style=\"text-align: center;\"><strong>Po\u0159ad\u00ed<\/strong><\/td>\n<td style=\"text-align: center;\"><strong>Startovn\u00ed \u010d.<\/strong><\/td>\n<td style=\"text-align: left;\"><strong>Jm\u00e9no a p\u0159\u00edjmen\u00ed<\/strong><\/td>\n<td style=\"text-align: left;\"><strong>Team<\/strong><\/td>\n<td style=\"text-align: center;\"><strong>\u010cas<\/strong><\/td>\n<td style=\"text-align: center;\"><strong>Odstup<\/strong><\/td>\n<\/tr>\n<tr>\n<td style=\"text-align: center;\">1.<\/td>\n<td style=\"text-align: center;\">71<\/td>\n<td>Ji\u0159\u00ed Skobla<\/td>\n<td>D\u011b\u010d\u00edn<\/td>\n<td style=\"text-align: center;\">0:11:14<\/td>\n<td><\/td>\n<\/tr>\n<tr>\n<td style=\"text-align: center;\">2.<\/td>\n<td style=\"text-align: center;\">30<\/td>\n<td>Medard Vacek<\/td>\n<td>Trampol\u00edny Liberec<\/td>\n<td style=\"text-align: center;\">0:12:15<\/td>\n<td style=\"text-align: center;\">0:01:01<\/td>\n<\/tr>\n<tr>\n<td style=\"text-align: center;\">3.<\/td>\n<td style=\"text-align: center;\">84<\/td>\n<td>Jan Dole\u010dek<\/td>\n<td>Most<\/td>\n<td style=\"text-align: center;\">0:13:11<\/td>\n<td style=\"text-align: center;\">0:01:57<\/td>\n<\/tr>\n<tr>\n<td style=\"text-align: center;\">4.<\/td>\n<td style=\"text-align: center;\">98<\/td>\n<td>Mat\u011bj N\u011bme\u010dek<\/td>\n<td>\u00dast\u00ed nad Orlic\u00ed<\/td>\n<td style=\"text-align: center;\">0:14:46<\/td>\n<td style=\"text-align: center;\">0:03:32<\/td>\n<\/tr>\n<\/table>\n<p><strong>Kategorie &#8211; Junio\u0159i + Mu\u017ei<\/strong><\/p>\n<table>\n<tr>\n<td style=\"text-align: center;\"><strong>Po\u0159ad\u00ed<\/strong><\/td>\n<td style=\"text-align: center;\"><strong>Startovn\u00ed \u010d.<\/strong><\/td>\n<td style=\"text-align: left;\"><strong>Jm\u00e9no a p\u0159\u00edjmen\u00ed<\/strong><\/td>\n<td style=\"text-align: left;\"><strong>Team<\/strong><\/td>\n<td style=\"text-align: center;\"><strong>\u010cas<\/strong><\/td>\n<td style=\"text-align: center;\"><strong>Odstup<\/strong><\/td>\n<\/tr>\n<tr>\n<td style=\"text-align: center;\">1.<\/td>\n<td style=\"text-align: center;\">39<\/td>\n<td>Vojt\u011bch Vl\u010dek<\/td>\n<td>KL Sport D\u011b\u010d\u00edn<\/td>\n<td style=\"text-align: center;\">0:08:42<\/td>\n<td><\/td>\n<\/tr>\n<tr>\n<td style=\"text-align: center;\">2.<\/td>\n<td style=\"text-align: center;\">7<\/td>\n<td>Jakub Marvan<\/td>\n<td>Kolokr\u00e1m<\/td>\n<td style=\"text-align: center;\">0:08:52<\/td>\n<td style=\"text-align: center;\">0:00:10<\/td>\n<\/tr>\n<tr>\n<td style=\"text-align: center;\">3.<\/td>\n<td style=\"text-align: center;\">44<\/td>\n<td>Petr Vokoun<\/td>\n<td>KL sport D\u011b\u010d\u00edn<\/td>\n<td style=\"text-align: center;\">0:09:26<\/td>\n<td style=\"text-align: center;\">0:00:44<\/td>\n<\/tr>\n<tr>\n<td style=\"text-align: center;\">4.<\/td>\n<td style=\"text-align: center;\">8<\/td>\n<td>Zbyn\u011bk R\u016f\u017ei\u010dka<\/td>\n<td>SKI Paudera<\/td>\n<td style=\"text-align: center;\">0:09:40<\/td>\n<td style=\"text-align: center;\">0:00:58<\/td>\n<\/tr>\n<tr>\n<td style=\"text-align: center;\">5.<\/td>\n<td style=\"text-align: center;\">82<\/td>\n<td>Petr Zr\u016fst<\/td>\n<td>Ludv\u00edkovice<\/td>\n<td style=\"text-align: center;\">0:09:48<\/td>\n<td style=\"text-align: center;\">0:01:06<\/td>\n<\/tr>\n<tr>\n<td style=\"text-align: center;\">6.<\/td>\n<td style=\"text-align: center;\">56<\/td>\n<td>Lubo\u0161 B\u00e1rta<\/td>\n<td>KL Sport Most<\/td>\n<td style=\"text-align: center;\">0:10:47<\/td>\n<td style=\"text-align: center;\">0:02:05<\/td>\n<\/tr>\n<tr>\n<td style=\"text-align: center;\">7.<\/td>\n<td style=\"text-align: center;\">69<\/td>\n<td>Michael Rame\u0161<\/td>\n<td>Kbely cycling<\/td>\n<td style=\"text-align: center;\">0:11:09<\/td>\n<td style=\"text-align: center;\">0:02:27<\/td>\n<\/tr>\n<tr>\n<td style=\"text-align: center;\">8.<\/td>\n<td style=\"text-align: center;\">41<\/td>\n<td>Jan \u0160t\u011bp\u00e1nek<\/td>\n<td>D\u011b\u010d\u00edn<\/td>\n<td style=\"text-align: center;\">0:11:38<\/td>\n<td style=\"text-align: center;\">0:02:56<\/td>\n<\/tr>\n<tr>\n<td style=\"text-align: center;\">9.<\/td>\n<td style=\"text-align: center;\">55<\/td>\n<td>Luk\u00e1\u0161 Zeman<\/td>\n<td>Markvartice<\/td>\n<td style=\"text-align: center;\">0:11:52<\/td>\n<td style=\"text-align: center;\">0:03:10<\/td>\n<\/tr>\n<tr>\n<td style=\"text-align: center;\">10.<\/td>\n<td style=\"text-align: center;\">11<\/td>\n<td>Jan Svoboda<\/td>\n<td>D\u011b\u010d\u00edn<\/td>\n<td style=\"text-align: center;\">0:11:55<\/td>\n<td style=\"text-align: center;\">0:03:13<\/td>\n<\/tr>\n<tr>\n<td style=\"text-align: center;\">11.<\/td>\n<td style=\"text-align: center;\">86<\/td>\n<td>Pavel Bud\u00edn<\/td>\n<td>D\u011b\u010d\u00edn<\/td>\n<td style=\"text-align: center;\">0:12:17<\/td>\n<td style=\"text-align: center;\">0:03:35<\/td>\n<\/tr>\n<tr>\n<td style=\"text-align: center;\">12.<\/td>\n<td style=\"text-align: center;\">42<\/td>\n<td>Tom\u00e1\u0161 Kindelmann<\/td>\n<td>D\u011b\u010d\u00edn<\/td>\n<td style=\"text-align: center;\">0:12:36<\/td>\n<td style=\"text-align: center;\">0:03:54<\/td>\n<\/tr>\n<tr>\n<td style=\"text-align: center;\">13.<\/td>\n<td style=\"text-align: center;\">53<\/td>\n<td>Petr Mrva<\/td>\n<td>\u010cesk\u00e1 Kamenice<\/td>\n<td style=\"text-align: center;\">0:12:50<\/td>\n<td style=\"text-align: center;\">0:04:08<\/td>\n<\/tr>\n<tr>\n<td style=\"text-align: center;\">14.<\/td>\n<td style=\"text-align: center;\">96<\/td>\n<td>Marek Steckmeier<\/td>\n<td>Kamenick\u00fd \u0160enov<\/td>\n<td style=\"text-align: center;\">0:12:51<\/td>\n<td style=\"text-align: center;\">0:04:09<\/td>\n<\/tr>\n<tr>\n<td style=\"text-align: center;\">15.<\/td>\n<td style=\"text-align: center;\">1<\/td>\n<td>Jakub Rulf<\/td>\n<td>UNICYCLE.TV D\u011b\u010d\u00edn<\/td>\n<td style=\"text-align: center;\">0:14:36<\/td>\n<td style=\"text-align: center;\">0:05:54<\/td>\n<\/tr>\n<\/table>\n<p><strong>Kategorie &#8211; Veter\u00e1ni I<\/strong><\/p>\n<table>\n<tr>\n<td style=\"text-align: center;\"><strong>Po\u0159ad\u00ed<\/strong><\/td>\n<td style=\"text-align: center;\"><strong>Startovn\u00ed \u010d.<\/strong><\/td>\n<td style=\"text-align: left;\"><strong>Jm\u00e9no a p\u0159\u00edjmen\u00ed<\/strong><\/td>\n<td style=\"text-align: left;\"><strong>Team<\/strong><\/td>\n<td style=\"text-align: center;\"><strong>\u010cas<\/strong><\/td>\n<td style=\"text-align: center;\"><strong>Odstup<\/strong><\/td>\n<\/tr>\n<tr>\n<td style=\"text-align: center;\">1.<\/td>\n<td style=\"text-align: center;\">80<\/td>\n<td>Ji\u0159\u00ed Str\u00e1nsk\u00fd<\/td>\n<td>COLLM Racing<\/td>\n<td style=\"text-align: center;\">0:08:22<\/td>\n<td><\/td>\n<\/tr>\n<tr>\n<td style=\"text-align: center;\">2.<\/td>\n<td style=\"text-align: center;\">2<\/td>\n<td>Du\u0161an Hubka<\/td>\n<td>MSK Kur Sport<\/td>\n<td style=\"text-align: center;\">0:08:35<\/td>\n<td style=\"text-align: center;\">0:00:13<\/td>\n<\/tr>\n<tr>\n<td style=\"text-align: center;\">3.<\/td>\n<td style=\"text-align: center;\">74<\/td>\n<td>Luk\u00e1\u0161 Bure\u0161<\/td>\n<td>kolbenka bike team<\/td>\n<td style=\"text-align: center;\">0:08:41<\/td>\n<td style=\"text-align: center;\">0:00:19<\/td>\n<\/tr>\n<tr>\n<td style=\"text-align: center;\">4.<\/td>\n<td style=\"text-align: center;\">76<\/td>\n<td>V\u00e1clav Ehrlich<\/td>\n<td>Ski Paudera<\/td>\n<td style=\"text-align: center;\">0:08:56<\/td>\n<td style=\"text-align: center;\">0:00:34<\/td>\n<\/tr>\n<tr>\n<td style=\"text-align: center;\">5.<\/td>\n<td style=\"text-align: center;\">52<\/td>\n<td>Pavel Fil\u00edpek<\/td>\n<td>Koloshop Team<\/td>\n<td style=\"text-align: center;\">0:09:07<\/td>\n<td style=\"text-align: center;\">0:00:45<\/td>\n<\/tr>\n<tr>\n<td style=\"text-align: center;\">6.<\/td>\n<td style=\"text-align: center;\">50<\/td>\n<td>Daniel Nosek<\/td>\n<td>Good Time\u00b4s CT D\u011b\u010d\u00edn<\/td>\n<td style=\"text-align: center;\">0:09:18<\/td>\n<td style=\"text-align: center;\">0:00:56<\/td>\n<\/tr>\n<tr>\n<td style=\"text-align: center;\">7.<\/td>\n<td style=\"text-align: center;\">47<\/td>\n<td>Petr J\u00edra<\/td>\n<td>Radej\u010d\u00edn<\/td>\n<td style=\"text-align: center;\">0:09:34<\/td>\n<td style=\"text-align: center;\">0:01:12<\/td>\n<\/tr>\n<tr>\n<td style=\"text-align: center;\">8.<\/td>\n<td style=\"text-align: center;\">54<\/td>\n<td>Jan N\u00e1dvorn\u00edk<\/td>\n<td>D\u011b\u010d\u00edn<\/td>\n<td style=\"text-align: center;\">0:09:43<\/td>\n<td style=\"text-align: center;\">0:01:21<\/td>\n<\/tr>\n<tr>\n<td style=\"text-align: center;\">9.<\/td>\n<td style=\"text-align: center;\">17<\/td>\n<td>David Bozsen\u00edk<\/td>\n<td>D\u011b\u010d\u00edn<\/td>\n<td style=\"text-align: center;\">0:10:19<\/td>\n<td style=\"text-align: center;\">0:01:57<\/td>\n<\/tr>\n<tr>\n<td style=\"text-align: center;\">10.<\/td>\n<td style=\"text-align: center;\">12<\/td>\n<td>Michal Hr\u010dka<\/td>\n<td>D\u011b\u010d\u00edn<\/td>\n<td style=\"text-align: center;\">0:10:53<\/td>\n<td style=\"text-align: center;\">0:02:31<\/td>\n<\/tr>\n<tr>\n<td style=\"text-align: center;\">11.<\/td>\n<td style=\"text-align: center;\">9<\/td>\n<td>Milan Knichy<\/td>\n<td>D\u011b\u010d\u00edn<\/td>\n<td style=\"text-align: center;\">0:11:55<\/td>\n<td style=\"text-align: center;\">0:03:33<\/td>\n<\/tr>\n<tr>\n<td style=\"text-align: center;\">12.<\/td>\n<td style=\"text-align: center;\">78<\/td>\n<td>Ji\u0159\u00ed Onde\u010dko<\/td>\n<td>Doln\u00ed Habartice<\/td>\n<td style=\"text-align: center;\">0:12:10<\/td>\n<td style=\"text-align: center;\">0:03:48<\/td>\n<\/tr>\n<tr>\n<td style=\"text-align: center;\">13.<\/td>\n<td style=\"text-align: center;\">91<\/td>\n<td>Marcel Tschakert<\/td>\n<td>D\u011b\u010d\u00edn<\/td>\n<td style=\"text-align: center;\">0:12:11<\/td>\n<td style=\"text-align: center;\">0:03:49<\/td>\n<\/tr>\n<tr>\n<td style=\"text-align: center;\">14.<\/td>\n<td style=\"text-align: center;\">26<\/td>\n<td>Jaroslav Pros<\/td>\n<td>PROSPORT<\/td>\n<td style=\"text-align: center;\">0:13:07<\/td>\n<td style=\"text-align: center;\">0:04:45<\/td>\n<\/tr>\n<tr>\n<td style=\"text-align: center;\">15.<\/td>\n<td style=\"text-align: center;\">93<\/td>\n<td>Zbyn\u011bk Ko\u0161\u00edk<\/td>\n<td>R\u016f\u017eov\u00e1<\/td>\n<td style=\"text-align: center;\">0:13:57<\/td>\n<td style=\"text-align: center;\">0:05:35<\/td>\n<\/tr>\n<tr>\n<td style=\"text-align: center;\">16.<\/td>\n<td style=\"text-align: center;\">97<\/td>\n<td>Tom\u00e1\u0161 Racek<\/td>\n<td>Eleven Mercedes Mitas<\/td>\n<td style=\"text-align: center;\">0:14:57<\/td>\n<td style=\"text-align: center;\">0:06:35<\/td>\n<\/tr>\n<tr>\n<td style=\"text-align: center;\">17.<\/td>\n<td style=\"text-align: center;\">36<\/td>\n<td>Otakar Hor\u00e1k<\/td>\n<td>D\u011b\u010d\u00edn<\/td>\n<td style=\"text-align: center;\">0:15:58<\/td>\n<td style=\"text-align: center;\">0:07:36<\/td>\n<\/tr>\n<tr>\n<td style=\"text-align: center;\">18.<\/td>\n<td style=\"text-align: center;\">62<\/td>\n<td>Petr \u0158ezn\u00ed\u010dek<\/td>\n<td>D\u011b\u010d\u00edn<\/td>\n<td style=\"text-align: center;\">0:17:00<\/td>\n<td style=\"text-align: center;\">0:08:38<\/td>\n<\/tr>\n<tr>\n<td style=\"text-align: center;\">19.<\/td>\n<td style=\"text-align: center;\">31<\/td>\n<td>Marcel Krn\u00e1\u010d<\/td>\n<td>D\u011b\u010d\u00edn<\/td>\n<td style=\"text-align: center;\">0:17:14<\/td>\n<td style=\"text-align: center;\">0:08:52<\/td>\n<\/tr>\n<tr>\n<td style=\"text-align: center;\">20.<\/td>\n<td style=\"text-align: center;\">4<\/td>\n<td>David \u0160ulh\u00e1nek<\/td>\n<td>D\u011b\u010d\u00edn<\/td>\n<td style=\"text-align: center;\">0:17:22<\/td>\n<td style=\"text-align: center;\">0:09:00<\/td>\n<\/tr>\n<\/table>\n<p><strong>Kategorie &#8211; Veter\u00e1ni II<\/strong><\/p>\n<table>\n<tr>\n<td style=\"text-align: center;\"><strong>Po\u0159ad\u00ed<\/strong><\/td>\n<td style=\"text-align: center;\"><strong>Startovn\u00ed \u010d.<\/strong><\/td>\n<td style=\"text-align: left;\"><strong>Jm\u00e9no a p\u0159\u00edjmen\u00ed<\/strong><\/td>\n<td style=\"text-align: left;\"><strong>Team<\/strong><\/td>\n<td style=\"text-align: center;\"><strong>\u010cas<\/strong><\/td>\n<td style=\"text-align: center;\"><strong>Odstup<\/strong><\/td>\n<\/tr>\n<tr>\n<td style=\"text-align: center;\">1.<\/td>\n<td style=\"text-align: center;\">58<\/td>\n<td>Jan Vale\u0161<\/td>\n<td>TJ Bohemie Nov\u00fd Bor<\/td>\n<td style=\"text-align: center;\">0:08:41<\/td>\n<td><\/td>\n<\/tr>\n<tr>\n<td style=\"text-align: center;\">2.<\/td>\n<td style=\"text-align: center;\">22<\/td>\n<td>Michal Rosulek<\/td>\n<td>KUR Sport<\/td>\n<td style=\"text-align: center;\">0:08:43<\/td>\n<td style=\"text-align: center;\">0:00:02<\/td>\n<\/tr>\n<tr>\n<td style=\"text-align: center;\">3.<\/td>\n<td style=\"text-align: center;\">77<\/td>\n<td>Marek Peterka<\/td>\n<td><\/td>\n<td style=\"text-align: center;\">0:09:20<\/td>\n<td style=\"text-align: center;\">0:00:39<\/td>\n<\/tr>\n<tr>\n<td style=\"text-align: center;\">4.<\/td>\n<td style=\"text-align: center;\">72<\/td>\n<td>Ivan Hrin<\/td>\n<td>D\u011b\u010d\u00edn<\/td>\n<td style=\"text-align: center;\">0:10:06<\/td>\n<td style=\"text-align: center;\">0:01:25<\/td>\n<\/tr>\n<tr>\n<td style=\"text-align: center;\">5.<\/td>\n<td style=\"text-align: center;\">67<\/td>\n<td>Petr \u0160projcar<\/td>\n<td>D\u011b\u010d\u00edn<\/td>\n<td style=\"text-align: center;\">0:11:01<\/td>\n<td style=\"text-align: center;\">0:02:20<\/td>\n<\/tr>\n<tr>\n<td style=\"text-align: center;\">6.<\/td>\n<td style=\"text-align: center;\">60<\/td>\n<td>Jan Pajer<\/td>\n<td><\/td>\n<td style=\"text-align: center;\">0:11:03<\/td>\n<td style=\"text-align: center;\">0:02:22<\/td>\n<\/tr>\n<tr>\n<td style=\"text-align: center;\">7.<\/td>\n<td style=\"text-align: center;\">10<\/td>\n<td>Martin Zrust<\/td>\n<td>Janov<\/td>\n<td style=\"text-align: center;\">0:11:22<\/td>\n<td style=\"text-align: center;\">0:02:41<\/td>\n<\/tr>\n<tr>\n<td style=\"text-align: center;\">8.<\/td>\n<td style=\"text-align: center;\">43<\/td>\n<td>Petr Vokoun<\/td>\n<td>KL sport D\u011b\u010d\u00edn<\/td>\n<td style=\"text-align: center;\">0:11:33<\/td>\n<td style=\"text-align: center;\">0:02:52<\/td>\n<\/tr>\n<tr>\n<td style=\"text-align: center;\">9.<\/td>\n<td style=\"text-align: center;\">20<\/td>\n<td>Ji\u0159\u00ed H\u00e1jek<\/td>\n<td>D\u011b\u010d\u00edn Folkn\u00e1\u0159e<\/td>\n<td style=\"text-align: center;\">0:11:36<\/td>\n<td style=\"text-align: center;\">0:02:55<\/td>\n<\/tr>\n<tr>\n<td style=\"text-align: center;\">10.<\/td>\n<td style=\"text-align: center;\">66<\/td>\n<td>Michal Burda<\/td>\n<td>Sydney<\/td>\n<td style=\"text-align: center;\">0:11:39<\/td>\n<td style=\"text-align: center;\">0:02:58<\/td>\n<\/tr>\n<tr>\n<td style=\"text-align: center;\">11.<\/td>\n<td style=\"text-align: center;\">6<\/td>\n<td>Jan Bicenc<\/td>\n<td>Hudy sport Bynovec<\/td>\n<td style=\"text-align: center;\">0:12:00<\/td>\n<td style=\"text-align: center;\">0:03:19<\/td>\n<\/tr>\n<tr>\n<td style=\"text-align: center;\">12.<\/td>\n<td style=\"text-align: center;\">89<\/td>\n<td>Tom\u00e1\u0161 Mlate\u010dek<\/td>\n<td>Flying Testicle<\/td>\n<td style=\"text-align: center;\">0:12:10<\/td>\n<td style=\"text-align: center;\">0:03:29<\/td>\n<\/tr>\n<tr>\n<td style=\"text-align: center;\">13.<\/td>\n<td style=\"text-align: center;\">33<\/td>\n<td>Zden\u011bk Abtrachimov<\/td>\n<td>Arnoltice<\/td>\n<td style=\"text-align: center;\">0:12:46<\/td>\n<td style=\"text-align: center;\">0:04:05<\/td>\n<\/tr>\n<tr>\n<td style=\"text-align: center;\">14.<\/td>\n<td style=\"text-align: center;\">70<\/td>\n<td>Tom\u00e1\u0161 Vacek<\/td>\n<td>Sauna Klub Liberec<\/td>\n<td style=\"text-align: center;\">0:12:47<\/td>\n<td style=\"text-align: center;\">0:04:06<\/td>\n<\/tr>\n<tr>\n<td style=\"text-align: center;\">15.<\/td>\n<td style=\"text-align: center;\">79<\/td>\n<td>Jaroslav Barto\u0161<\/td>\n<td>Markvartice<\/td>\n<td style=\"text-align: center;\">0:13:02<\/td>\n<td style=\"text-align: center;\">0:04:21<\/td>\n<\/tr>\n<tr>\n<td style=\"text-align: center;\">16.<\/td>\n<td style=\"text-align: center;\">90<\/td>\n<td>Vladim\u00edr Vyndejho<\/td>\n<td>Flying Testicle<\/td>\n<td style=\"text-align: center;\">0:13:14<\/td>\n<td style=\"text-align: center;\">0:04:33<\/td>\n<\/tr>\n<tr>\n<td style=\"text-align: center;\">17.<\/td>\n<td style=\"text-align: center;\">94<\/td>\n<td>Jan Ko\u0161\u00edk<\/td>\n<td>Janov<\/td>\n<td style=\"text-align: center;\">0:13:50<\/td>\n<td style=\"text-align: center;\">0:05:09<\/td>\n<\/tr>\n<tr>\n<td style=\"text-align: center;\">18.<\/td>\n<td style=\"text-align: center;\">13<\/td>\n<td>Martin Sejrek<\/td>\n<td>D\u011b\u010d\u00edn<\/td>\n<td style=\"text-align: center;\">0:13:58<\/td>\n<td style=\"text-align: center;\">0:05:17<\/td>\n<\/tr>\n<tr>\n<td style=\"text-align: center;\">19.<\/td>\n<td style=\"text-align: center;\">29<\/td>\n<td>Franti\u0161ek Uhl\u00ed\u0159<\/td>\n<td>D\u011b\u010d\u00edn<\/td>\n<td style=\"text-align: center;\">0:15:15<\/td>\n<td style=\"text-align: center;\">0:06:34<\/td>\n<\/tr>\n<tr>\n<td style=\"text-align: center;\">20.<\/td>\n<td style=\"text-align: center;\">18<\/td>\n<td>Karel Karas<\/td>\n<td>D\u011b\u010d\u00edn<\/td>\n<td style=\"text-align: center;\">0:15:45<\/td>\n<td style=\"text-align: center;\">0:07:04<\/td>\n<\/tr>\n<tr>\n<td style=\"text-align: center;\">21.<\/td>\n<td style=\"text-align: center;\">64<\/td>\n<td>Petr Mali\u0161<\/td>\n<td>Bene\u0161ov nad Plo\u010dnic\u00ed<\/td>\n<td style=\"text-align: center;\">0:16:11<\/td>\n<td style=\"text-align: center;\">0:07:30<\/td>\n<\/tr>\n<tr>\n<td style=\"text-align: center;\">22.<\/td>\n<td style=\"text-align: center;\">37<\/td>\n<td>Pavel \u0160ulc<\/td>\n<td><\/td>\n<td style=\"text-align: center;\">0:16:33<\/td>\n<td style=\"text-align: center;\">0:07:52<\/td>\n<\/tr>\n<tr>\n<td style=\"text-align: center;\">23.<\/td>\n<td style=\"text-align: center;\">63<\/td>\n<td>Ond\u0159ej Kul\u00edk<\/td>\n<td>Bene\u0161ov n.Pl.<\/td>\n<td style=\"text-align: center;\">0:17:31<\/td>\n<td style=\"text-align: center;\">0:08:50<\/td>\n<\/tr>\n<tr>\n<td style=\"text-align: center;\">24.<\/td>\n<td style=\"text-align: center;\">92<\/td>\n<td>Ivan Titishov<\/td>\n<td>Canstay &#8211; Toronto<\/td>\n<td style=\"text-align: center;\">0:17:41<\/td>\n<td style=\"text-align: center;\">0:09:00<\/td>\n<\/tr>\n<tr>\n<td style=\"text-align: center;\">25.<\/td>\n<td style=\"text-align: center;\">15<\/td>\n<td>Miroslav Smoliga<\/td>\n<td>Mezn\u00e1<\/td>\n<td style=\"text-align: center;\">0:38:22<\/td>\n<td style=\"text-align: center;\">0:29:41<\/td>\n<\/tr>\n<\/table>\n<p><strong>Kategorie &#8211; Veter\u00e1ni III<\/strong><\/p>\n<table>\n<tr>\n<td style=\"text-align: center;\"><strong>Po\u0159ad\u00ed<\/strong><\/td>\n<td style=\"text-align: center;\"><strong>Startovn\u00ed \u010d.<\/strong><\/td>\n<td style=\"text-align: left;\"><strong>Jm\u00e9no a p\u0159\u00edjmen\u00ed<\/strong><\/td>\n<td style=\"text-align: left;\"><strong>Team<\/strong><\/td>\n<td style=\"text-align: center;\"><strong>\u010cas<\/strong><\/td>\n<td style=\"text-align: center;\"><strong>Odstup<\/strong><\/td>\n<\/tr>\n<tr>\n<td style=\"text-align: center;\">1.<\/td>\n<td style=\"text-align: center;\">75<\/td>\n<td>Vlastislav Holub<\/td>\n<td>Ski Paudera<\/td>\n<td style=\"text-align: center;\">0:09:51<\/td>\n<td><\/td>\n<\/tr>\n<tr>\n<td style=\"text-align: center;\">2.<\/td>\n<td style=\"text-align: center;\">51<\/td>\n<td>Milo\u0161 Klemsa<\/td>\n<td>Koloshop Team Teplice<\/td>\n<td style=\"text-align: center;\">0:10:15<\/td>\n<td style=\"text-align: center;\">0:00:24<\/td>\n<\/tr>\n<tr>\n<td style=\"text-align: center;\">3.<\/td>\n<td style=\"text-align: center;\">3<\/td>\n<td>Roman \u0160irok\u00fd<\/td>\n<td>D\u011b\u010d\u00edn reality \u0160irok\u00fd<\/td>\n<td style=\"text-align: center;\">0:10:46<\/td>\n<td style=\"text-align: center;\">0:00:55<\/td>\n<\/tr>\n<tr>\n<td style=\"text-align: center;\">4.<\/td>\n<td style=\"text-align: center;\">68<\/td>\n<td>Ji\u0159\u00ed Rame\u0161<\/td>\n<td>Kbely cycling<\/td>\n<td style=\"text-align: center;\">0:11:45<\/td>\n<td style=\"text-align: center;\">0:01:54<\/td>\n<\/tr>\n<tr>\n<td style=\"text-align: center;\">5.<\/td>\n<td style=\"text-align: center;\">65<\/td>\n<td>Vladim\u00edr Burda<\/td>\n<td>Bohemians<\/td>\n<td style=\"text-align: center;\">0:11:50<\/td>\n<td style=\"text-align: center;\">0:01:59<\/td>\n<\/tr>\n<tr>\n<td style=\"text-align: center;\">6.<\/td>\n<td style=\"text-align: center;\">19<\/td>\n<td>Marcel P\u00e1tek<\/td>\n<td>D\u011b\u010d\u00edn<\/td>\n<td style=\"text-align: center;\">0:12:07<\/td>\n<td style=\"text-align: center;\">0:02:16<\/td>\n<\/tr>\n<tr>\n<td style=\"text-align: center;\">7.<\/td>\n<td style=\"text-align: center;\">28<\/td>\n<td>Lud\u011bk Kr\u00e1l<\/td>\n<td>D\u011b\u010d\u00edn<\/td>\n<td style=\"text-align: center;\">0:12:55<\/td>\n<td style=\"text-align: center;\">0:03:04<\/td>\n<\/tr>\n<tr>\n<td style=\"text-align: center;\">8.<\/td>\n<td style=\"text-align: center;\">73<\/td>\n<td>Old\u0159ich Svoboda<\/td>\n<td>COSP K. \u0160enov<\/td>\n<td style=\"text-align: center;\">0:13:17<\/td>\n<td style=\"text-align: center;\">0:03:26<\/td>\n<\/tr>\n<tr>\n<td style=\"text-align: center;\">9.<\/td>\n<td style=\"text-align: center;\">88<\/td>\n<td>Vladislav Barto\u0161<\/td>\n<td>D\u011b\u010d\u00edn<\/td>\n<td style=\"text-align: center;\">0:13:49<\/td>\n<td style=\"text-align: center;\">0:03:58<\/td>\n<\/tr>\n<tr>\n<td style=\"text-align: center;\">10.<\/td>\n<td style=\"text-align: center;\">81<\/td>\n<td>Miroslav Zr\u016fst<\/td>\n<td>Ludv\u00edkovice<\/td>\n<td style=\"text-align: center;\">0:14:27<\/td>\n<td style=\"text-align: center;\">0:04:36<\/td>\n<\/tr>\n<tr>\n<td style=\"text-align: center;\">11.<\/td>\n<td style=\"text-align: center;\">32<\/td>\n<td>Miloslav Kopeck\u00fd<\/td>\n<td>\u0160v\u00edcko Libouchec<\/td>\n<td style=\"text-align: center;\">0:16:02<\/td>\n<td style=\"text-align: center;\">0:06:11<\/td>\n<\/tr>\n<tr>\n<td style=\"text-align: center;\">12.<\/td>\n<td style=\"text-align: center;\">35<\/td>\n<td>Josef Tuh\u00e1\u010dek<\/td>\n<td>B\u0159eznice<\/td>\n<td style=\"text-align: center;\">0:19:56<\/td>\n<td style=\"text-align: center;\">0:10:05<\/td>\n<\/tr>\n<tr>\n<td style=\"text-align: center;\">13.<\/td>\n<td style=\"text-align: center;\">95<\/td>\n<td>Karel Ko\u0161\u00edk<\/td>\n<td>R\u016f\u017eov\u00e1<\/td>\n<td style=\"text-align: center;\">0:20:21<\/td>\n<td style=\"text-align: center;\">0:10:30<\/td>\n<\/tr>\n<tr>\n<td style=\"text-align: center;\">14.<\/td>\n<td style=\"text-align: center;\">24<\/td>\n<td>Ladislav Fri\u0161<\/td>\n<td>H\u0159ensko<\/td>\n<td style=\"text-align: center;\">0:21:05<\/td>\n<td style=\"text-align: center;\">0:11:14<\/td>\n<\/tr>\n<tr>\n<td style=\"text-align: center;\">15.<\/td>\n<td style=\"text-align: center;\">85<\/td>\n<td>Petr Kramer<\/td>\n<td>D\u011b\u010d\u00edn<\/td>\n<td style=\"text-align: center;\">0:23:38<\/td>\n<td style=\"text-align: center;\">0:13:47<\/td>\n<\/tr>\n<tr>\n<td style=\"text-align: center;\">16.<\/td>\n<td style=\"text-align: center;\">25<\/td>\n<td>Lubo\u0161 \u0160ebrle<\/td>\n<td>Janov<\/td>\n<td style=\"text-align: center;\">0:23:51<\/td>\n<td style=\"text-align: center;\">0:14:00<\/td>\n<\/tr>\n<tr>\n<td style=\"text-align: center;\">17.<\/td>\n<td style=\"text-align: center;\">59<\/td>\n<td>Anton\u00edn B\u0159\u00ed\u0161ko<\/td>\n<td>DPS Janov<\/td>\n<td style=\"text-align: center;\">0:24:51<\/td>\n<td style=\"text-align: center;\">0:15:00<\/td>\n<\/tr>\n<tr>\n<td style=\"text-align: center;\">18.<\/td>\n<td style=\"text-align: center;\">14<\/td>\n<td>Ladislav Zden\u011bk<\/td>\n<td>Mezn\u00e1<\/td>\n<td style=\"text-align: center;\">0:39:22<\/td>\n<td style=\"text-align: center;\">0:29:31<\/td>\n<\/tr>\n<\/table>\n","protected":false},"excerpt":{"rendered":"<p>Kategorie &#8211; Star\u0161\u00ed chlapci + Kadeti Po\u0159ad\u00ed Startovn\u00ed \u010d. Jm\u00e9no a p\u0159\u00edjmen\u00ed Team \u010cas Odstup 1. 71 Ji\u0159\u00ed Skobla D\u011b\u010d\u00edn 0:11:14 2. 30 Medard Vacek Trampol\u00edny Liberec 0:12:15 0:01:01 3. 84 Jan Dole\u010dek Most 0:13:11 0:01:57 4. 98 Mat\u011bj N\u011bme\u010dek \u00dast\u00ed nad Orlic\u00ed 0:14:46 0:03:32 Kategorie &#8211; Junio\u0159i + Mu\u017ei Po\u0159ad\u00ed Startovn\u00ed \u010d. Jm\u00e9no a&hellip; <br \/> <a class=\"read-more\" href=\"https:\/\/www.janovsky-trhak.cz\/?page_id=456\">V\u00edce<\/a><\/p>\n","protected":false},"author":2,"featured_media":0,"parent":0,"menu_order":0,"comment_status":"closed","ping_status":"open","template":"","meta":[],"_links":{"self":[{"href":"https:\/\/www.janovsky-trhak.cz\/index.php?rest_route=\/wp\/v2\/pages\/456"}],"collection":[{"href":"https:\/\/www.janovsky-trhak.cz\/index.php?rest_route=\/wp\/v2\/pages"}],"about":[{"href":"https:\/\/www.janovsky-trhak.cz\/index.php?rest_route=\/wp\/v2\/types\/page"}],"author":[{"embeddable":true,"href":"https:\/\/www.janovsky-trhak.cz\/index.php?rest_route=\/wp\/v2\/users\/2"}],"replies":[{"embeddable":true,"href":"https:\/\/www.janovsky-trhak.cz\/index.php?rest_route=%2Fwp%2Fv2%2Fcomments&post=456"}],"version-history":[{"count":5,"href":"https:\/\/www.janovsky-trhak.cz\/index.php?rest_route=\/wp\/v2\/pages\/456\/revisions"}],"predecessor-version":[{"id":461,"href":"https:\/\/www.janovsky-trhak.cz\/index.php?rest_route=\/wp\/v2\/pages\/456\/revisions\/461"}],"wp:attachment":[{"href":"https:\/\/www.janovsky-trhak.cz\/index.php?rest_route=%2Fwp%2Fv2%2Fmedia&parent=456"}],"curies":[{"name":"wp","href":"https:\/\/api.w.org\/{rel}","templated":true}]}}