{"id":462,"date":"2015-07-12T16:40:38","date_gmt":"2015-07-12T14:40:38","guid":{"rendered":"http:\/\/www.janovsky-trhak.cz\/?page_id=462"},"modified":"2015-07-12T16:40:38","modified_gmt":"2015-07-12T14:40:38","slug":"vysledky-zeny","status":"publish","type":"page","link":"https:\/\/www.janovsky-trhak.cz\/?page_id=462","title":{"rendered":"Vysledky &#8211; \u017eeny"},"content":{"rendered":"<p><strong>Kategorie &#8211; Star\u0161\u00ed d\u00edvky + Kadetky<\/strong><\/p>\n<table>\n<tr>\n<td style=\"text-align: center;\"><strong>Po\u0159ad\u00ed<\/strong><\/td>\n<td style=\"text-align: center;\"><strong>Startovn\u00ed \u010d.<\/strong><\/td>\n<td style=\"text-align: left;\"><strong>Jm\u00e9no a p\u0159\u00edjmen\u00ed<\/strong><\/td>\n<td style=\"text-align: left;\"><strong>Team<\/strong><\/td>\n<td style=\"text-align: center;\"><strong>\u010cas<\/strong><\/td>\n<td style=\"text-align: center;\"><strong>Odstup<\/strong><\/td>\n<\/tr>\n<tr>\n<td style=\"text-align: center;\">1.<\/td>\n<td style=\"text-align: center;\">5<\/td>\n<td>Nela \u017di\u017ekov\u00e1<\/td>\n<td>D\u011b\u010d\u00edn &nbsp; &nbsp;&nbsp; &nbsp;&nbsp; &nbsp;&nbsp; &nbsp;&nbsp;&nbsp; &nbsp;&nbsp; &nbsp;&nbsp; &nbsp; &nbsp;&nbsp; &nbsp;<\/td>\n<td style=\"text-align: center;\">0:20:02<\/td>\n<td><\/td>\n<\/tr>\n<\/table>\n<p><strong>Kategorie &#8211; Juniorky<\/strong><\/p>\n<table>\n<tr>\n<td style=\"text-align: center;\"><strong>Po\u0159ad\u00ed<\/strong><\/td>\n<td style=\"text-align: center;\"><strong>Startovn\u00ed \u010d.<\/strong><\/td>\n<td style=\"text-align: left;\"><strong>Jm\u00e9no a p\u0159\u00edjmen\u00ed<\/strong><\/td>\n<td style=\"text-align: left;\"><strong>Team<\/strong><\/td>\n<td style=\"text-align: center;\"><strong>\u010cas<\/strong><\/td>\n<td style=\"text-align: center;\"><strong>Odstup<\/strong><\/td>\n<\/tr>\n<tr>\n<td style=\"text-align: center;\">1.<\/td>\n<td style=\"text-align: center;\">57<\/td>\n<td>\u0160\u00e1rka Slaninov\u00e1<\/td>\n<td>Radej\u010d\u00edn<\/td>\n<td style=\"text-align: center;\">0:12:51<\/td>\n<td><\/td>\n<\/tr>\n<tr>\n<td style=\"text-align: center;\">2.<\/td>\n<td style=\"text-align: center;\">61<\/td>\n<td>V\u011bra Bou\u0161kov\u00e1<\/td>\n<td>\u010cesk\u00e1 Kamenice<\/td>\n<td style=\"text-align: center;\">0:13:14<\/td>\n<td style=\"text-align: center;\">0:00:23<\/td>\n<\/tr>\n<tr>\n<td style=\"text-align: center;\">3.<\/td>\n<td style=\"text-align: center;\">23<\/td>\n<td>Kv\u011bta Barto\u0161ov\u00e1<\/td>\n<td>J\u00edlov\u00e9<\/td>\n<td style=\"text-align: center;\">0:14:01<\/td>\n<td style=\"text-align: center;\">0:01:10<\/td>\n<\/tr>\n<tr>\n<td style=\"text-align: center;\">4.<\/td>\n<td style=\"text-align: center;\">87<\/td>\n<td>Ad\u00e9la Hejlov\u00e1<\/td>\n<td>Sebnitzer Radverein<\/td>\n<td style=\"text-align: center;\">0:14:44<\/td>\n<td style=\"text-align: center;\">0:01:53<\/td>\n<\/tr>\n<tr>\n<td style=\"text-align: center;\">5.<\/td>\n<td style=\"text-align: center;\">27<\/td>\n<td>Edita Kr\u00e1lov\u00e1<\/td>\n<td>D\u011b\u010d\u00edn<\/td>\n<td style=\"text-align: center;\">0:16:17<\/td>\n<td style=\"text-align: center;\">0:03:26<\/td>\n<\/tr>\n<tr>\n<td style=\"text-align: center;\">6.<\/td>\n<td style=\"text-align: center;\">45<\/td>\n<td>Anna Vokounov\u00e1<\/td>\n<td>KL Sport D\u011b\u010d\u00edn<\/td>\n<td style=\"text-align: center;\">0:17:38<\/td>\n<td style=\"text-align: center;\">0:04:47<\/td>\n<\/tr>\n<tr>\n<td style=\"text-align: center;\">7.<\/td>\n<td style=\"text-align: center;\">48<\/td>\n<td>Lenka Vil\u00edmov\u00e1<\/td>\n<td>J\u00edlov\u00e9<\/td>\n<td style=\"text-align: center;\">0:18:25<\/td>\n<td style=\"text-align: center;\">0:05:34<\/td>\n<\/tr>\n<\/table>\n<p><strong>Kategorie &#8211; \u017deny<\/strong><\/p>\n<table>\n<tr>\n<td style=\"text-align: center;\"><strong>Po\u0159ad\u00ed<\/strong><\/td>\n<td style=\"text-align: center;\"><strong>Startovn\u00ed \u010d.<\/strong><\/td>\n<td style=\"text-align: left;\"><strong>Jm\u00e9no a p\u0159\u00edjmen\u00ed<\/strong><\/td>\n<td style=\"text-align: left;\"><strong>Team<\/strong><\/td>\n<td style=\"text-align: center;\"><strong>\u010cas<\/strong><\/td>\n<td style=\"text-align: center;\"><strong>Odstup<\/strong><\/td>\n<\/tr>\n<tr>\n<td style=\"text-align: center;\">1.<\/td>\n<td style=\"text-align: center;\">49<\/td>\n<td>Ivana Kopeck\u00e1<\/td>\n<td>Good Time&#8217;s Cyklo Team D\u011b\u010d\u00edn<\/td>\n<td style=\"text-align: center;\">0:11:41<\/td>\n<td><\/td>\n<\/tr>\n<tr>\n<td style=\"text-align: center;\">2.<\/td>\n<td style=\"text-align: center;\">16<\/td>\n<td>Kv\u011btoslava Barto\u0161ov\u00e1<\/td>\n<td>D\u011b\u010d\u00edn<\/td>\n<td style=\"text-align: center;\">0:13:59<\/td>\n<td style=\"text-align: center;\">0:02:18<\/td>\n<\/tr>\n<tr>\n<td style=\"text-align: center;\">3.<\/td>\n<td style=\"text-align: center;\">83<\/td>\n<td>Ivana Zr\u016fstov\u00e1<\/td>\n<td>Ludv\u00edkovice<\/td>\n<td style=\"text-align: center;\">0:16:51<\/td>\n<td style=\"text-align: center;\">0:05:10<\/td>\n<\/tr>\n<tr>\n<td style=\"text-align: center;\">4.<\/td>\n<td style=\"text-align: center;\">34<\/td>\n<td>Jana Tuh\u00e1\u010dkov\u00e1<\/td>\n<td>B\u0159eznice<\/td>\n<td style=\"text-align: center;\">0:20:40<\/td>\n<td style=\"text-align: center;\">0:08:59<\/td>\n<\/tr>\n<tr>\n<td style=\"text-align: center;\">5.<\/td>\n<td style=\"text-align: center;\">38<\/td>\n<td>Jaroslava Hlav\u00e1\u010dkov\u00e1<\/td>\n<td>K\u00e1men<\/td>\n<td style=\"text-align: center;\">0:22:00<\/td>\n<td style=\"text-align: center;\">0:10:19<\/td>\n<\/tr>\n<\/table>\n<p><strong>Kategorie &#8211; Handicap<\/strong><\/p>\n<table>\n<tr>\n<td style=\"text-align: center;\"><strong>Po\u0159ad\u00ed<\/strong><\/td>\n<td style=\"text-align: center;\"><strong>Startovn\u00ed \u010d.<\/strong><\/td>\n<td style=\"text-align: left;\"><strong>Jm\u00e9no a p\u0159\u00edjmen\u00ed<\/strong><\/td>\n<td style=\"text-align: left;\"><strong>Team<\/strong><\/td>\n<td style=\"text-align: center;\"><strong>\u010cas<\/strong><\/td>\n<td style=\"text-align: center;\"><strong>Odstup<\/strong><\/td>\n<\/tr>\n<tr>\n<td style=\"text-align: center;\">1.<\/td>\n<td style=\"text-align: center;\">40<\/td>\n<td>Lada Ekrtov\u00e1<\/td>\n<td>Eleven Mercedes Mitas<\/td>\n<td style=\"text-align: center;\">0:26:05<\/td>\n<td><\/td>\n<\/tr>\n<\/table>\n","protected":false},"excerpt":{"rendered":"<p>Kategorie &#8211; Star\u0161\u00ed d\u00edvky + Kadetky Po\u0159ad\u00ed Startovn\u00ed \u010d. Jm\u00e9no a p\u0159\u00edjmen\u00ed Team \u010cas Odstup 1. 5 Nela \u017di\u017ekov\u00e1 D\u011b\u010d\u00edn &nbsp; &nbsp;&nbsp; &nbsp;&nbsp; &nbsp;&nbsp; &nbsp;&nbsp;&nbsp; &nbsp;&nbsp; &nbsp;&nbsp; &nbsp; &nbsp;&nbsp; &nbsp; 0:20:02 Kategorie &#8211; Juniorky Po\u0159ad\u00ed Startovn\u00ed \u010d. Jm\u00e9no a p\u0159\u00edjmen\u00ed Team \u010cas Odstup 1. 57 \u0160\u00e1rka Slaninov\u00e1 Radej\u010d\u00edn 0:12:51 2. 61 V\u011bra Bou\u0161kov\u00e1 \u010cesk\u00e1 Kamenice&hellip; <br \/> <a class=\"read-more\" href=\"https:\/\/www.janovsky-trhak.cz\/?page_id=462\">V\u00edce<\/a><\/p>\n","protected":false},"author":2,"featured_media":0,"parent":0,"menu_order":0,"comment_status":"closed","ping_status":"open","template":"","meta":[],"_links":{"self":[{"href":"https:\/\/www.janovsky-trhak.cz\/index.php?rest_route=\/wp\/v2\/pages\/462"}],"collection":[{"href":"https:\/\/www.janovsky-trhak.cz\/index.php?rest_route=\/wp\/v2\/pages"}],"about":[{"href":"https:\/\/www.janovsky-trhak.cz\/index.php?rest_route=\/wp\/v2\/types\/page"}],"author":[{"embeddable":true,"href":"https:\/\/www.janovsky-trhak.cz\/index.php?rest_route=\/wp\/v2\/users\/2"}],"replies":[{"embeddable":true,"href":"https:\/\/www.janovsky-trhak.cz\/index.php?rest_route=%2Fwp%2Fv2%2Fcomments&post=462"}],"version-history":[{"count":9,"href":"https:\/\/www.janovsky-trhak.cz\/index.php?rest_route=\/wp\/v2\/pages\/462\/revisions"}],"predecessor-version":[{"id":471,"href":"https:\/\/www.janovsky-trhak.cz\/index.php?rest_route=\/wp\/v2\/pages\/462\/revisions\/471"}],"wp:attachment":[{"href":"https:\/\/www.janovsky-trhak.cz\/index.php?rest_route=%2Fwp%2Fv2%2Fmedia&parent=462"}],"curies":[{"name":"wp","href":"https:\/\/api.w.org\/{rel}","templated":true}]}}