{"id":544,"date":"2015-10-20T16:15:46","date_gmt":"2015-10-20T14:15:46","guid":{"rendered":"http:\/\/www.janovsky-trhak.cz\/?page_id=544"},"modified":"2015-10-20T16:25:32","modified_gmt":"2015-10-20T14:25:32","slug":"vysledky-2012","status":"publish","type":"page","link":"https:\/\/www.janovsky-trhak.cz\/?page_id=544","title":{"rendered":"V\u00fdsledky (2012)"},"content":{"rendered":"<table>\n<tr>\n<td>\u017dENY:<\/td>\n<td>MU\u017dI:<\/td>\n<\/tr>\n<tr>\n<td><a href=\"http:\/\/www.janovsky-trhak.cz\/wp-content\/uploads\/2015\/10\/2012_zabsolut.pdf\" target=\"_blank\">absolutn\u00ed po\u0159ad\u00ed<\/a><\/td>\n<td><a href=\"http:\/\/www.janovsky-trhak.cz\/wp-content\/uploads\/2015\/10\/2012_mabsolut.pdf\" target=\"_blank\">absolutn\u00ed po\u0159ad\u00ed<\/a><\/td>\n<\/tr>\n<tr>\n<td><a href=\"http:\/\/www.janovsky-trhak.cz\/wp-content\/uploads\/2015\/10\/2012_z14-18.pdf\" target=\"_blank\">14-18 let<\/a><\/td>\n<td><a href=\"http:\/\/www.janovsky-trhak.cz\/wp-content\/uploads\/2015\/10\/2012_m14-18.pdf\" target=\"_blank\">14-18 let<\/a><\/td>\n<\/tr>\n<tr>\n<td><a href=\"http:\/\/www.janovsky-trhak.cz\/wp-content\/uploads\/2015\/10\/2012_z19-29.pdf\" target=\"_blank\">19-29 let<\/a><\/td>\n<td><a href=\"http:\/\/www.janovsky-trhak.cz\/wp-content\/uploads\/2015\/10\/2012_m19-29.pdf\" target=\"_blank\">19-29 let<\/a><\/td>\n<\/tr>\n<tr>\n<td><a href=\"http:\/\/www.janovsky-trhak.cz\/wp-content\/uploads\/2015\/10\/2012_z30-39.pdf\" target=\"_blank\">30-39 let<\/a><\/td>\n<td><a href=\"http:\/\/www.janovsky-trhak.cz\/wp-content\/uploads\/2015\/10\/2012_m30-39.pdf\" target=\"_blank\">30-39 let<\/a><\/td>\n<\/tr>\n<tr>\n<td><a href=\"http:\/\/www.janovsky-trhak.cz\/wp-content\/uploads\/2015\/10\/2012_z40-49.pdf\" target=\"_blank\">40-49 let<\/a><\/td>\n<td><a href=\"http:\/\/www.janovsky-trhak.cz\/wp-content\/uploads\/2015\/10\/2012_m40-49.pdf\" target=\"_blank\">40-49 let<\/a><\/td>\n<\/tr>\n<tr>\n<td><a href=\"http:\/\/www.janovsky-trhak.cz\/wp-content\/uploads\/2015\/10\/2012_z50-59.pdf\" target=\"_blank\">50-59 let<\/a><\/td>\n<td><a href=\"http:\/\/www.janovsky-trhak.cz\/wp-content\/uploads\/2015\/10\/2012_m50-59.pdf\" target=\"_blank\">50-59 let<\/a><\/td>\n<\/tr>\n<tr>\n<td><a href=\"http:\/\/www.janovsky-trhak.cz\/wp-content\/uploads\/2015\/10\/2012_z60-.pdf\" target=\"_blank\">60+<\/a><\/td>\n<td><a href=\"http:\/\/www.janovsky-trhak.cz\/wp-content\/uploads\/2015\/10\/2012_m60-.pdf\" target=\"_blank\">60+<\/a><\/td>\n<\/tr>\n<\/table>\n<p><a href=\"http:\/\/www.janovsky-trhak.cz\/wp-content\/uploads\/2015\/10\/2012_tandem.pdf\" target=\"_blank\">tandem<\/a><\/p>\n","protected":false},"excerpt":{"rendered":"<p>\u017dENY: MU\u017dI: absolutn\u00ed po\u0159ad\u00ed absolutn\u00ed po\u0159ad\u00ed 14-18 let 14-18 let 19-29 let 19-29 let 30-39 let 30-39 let 40-49 let 40-49 let 50-59 let 50-59 let 60+ 60+ tandem<\/p>\n","protected":false},"author":2,"featured_media":0,"parent":0,"menu_order":0,"comment_status":"closed","ping_status":"open","template":"","meta":[],"_links":{"self":[{"href":"https:\/\/www.janovsky-trhak.cz\/index.php?rest_route=\/wp\/v2\/pages\/544"}],"collection":[{"href":"https:\/\/www.janovsky-trhak.cz\/index.php?rest_route=\/wp\/v2\/pages"}],"about":[{"href":"https:\/\/www.janovsky-trhak.cz\/index.php?rest_route=\/wp\/v2\/types\/page"}],"author":[{"embeddable":true,"href":"https:\/\/www.janovsky-trhak.cz\/index.php?rest_route=\/wp\/v2\/users\/2"}],"replies":[{"embeddable":true,"href":"https:\/\/www.janovsky-trhak.cz\/index.php?rest_route=%2Fwp%2Fv2%2Fcomments&post=544"}],"version-history":[{"count":5,"href":"https:\/\/www.janovsky-trhak.cz\/index.php?rest_route=\/wp\/v2\/pages\/544\/revisions"}],"predecessor-version":[{"id":568,"href":"https:\/\/www.janovsky-trhak.cz\/index.php?rest_route=\/wp\/v2\/pages\/544\/revisions\/568"}],"wp:attachment":[{"href":"https:\/\/www.janovsky-trhak.cz\/index.php?rest_route=%2Fwp%2Fv2%2Fmedia&parent=544"}],"curies":[{"name":"wp","href":"https:\/\/api.w.org\/{rel}","templated":true}]}}