{"id":595,"date":"2016-02-29T17:32:56","date_gmt":"2016-02-29T16:32:56","guid":{"rendered":"http:\/\/www.janovsky-trhak.cz\/?page_id=595"},"modified":"2016-02-29T17:35:58","modified_gmt":"2016-02-29T16:35:58","slug":"plakat-2016","status":"publish","type":"page","link":"https:\/\/www.janovsky-trhak.cz\/?page_id=595","title":{"rendered":"Plak\u00e1t (2016)"},"content":{"rendered":"<p><img decoding=\"async\" src=\"http:\/\/www.janovsky-trhak.cz\/wp-content\/uploads\/2016\/02\/Janovsk\u00fd-trh\u00e1k-plak\u00e1t-2016.jpg\" alt=\"Janov - plak\u00e1t 2016 Janovsk\u00fd trh\u00e1k\" \/><\/p>\n","protected":false},"excerpt":{"rendered":"","protected":false},"author":2,"featured_media":0,"parent":0,"menu_order":0,"comment_status":"closed","ping_status":"closed","template":"","meta":[],"_links":{"self":[{"href":"https:\/\/www.janovsky-trhak.cz\/index.php?rest_route=\/wp\/v2\/pages\/595"}],"collection":[{"href":"https:\/\/www.janovsky-trhak.cz\/index.php?rest_route=\/wp\/v2\/pages"}],"about":[{"href":"https:\/\/www.janovsky-trhak.cz\/index.php?rest_route=\/wp\/v2\/types\/page"}],"author":[{"embeddable":true,"href":"https:\/\/www.janovsky-trhak.cz\/index.php?rest_route=\/wp\/v2\/users\/2"}],"replies":[{"embeddable":true,"href":"https:\/\/www.janovsky-trhak.cz\/index.php?rest_route=%2Fwp%2Fv2%2Fcomments&post=595"}],"version-history":[{"count":5,"href":"https:\/\/www.janovsky-trhak.cz\/index.php?rest_route=\/wp\/v2\/pages\/595\/revisions"}],"predecessor-version":[{"id":682,"href":"https:\/\/www.janovsky-trhak.cz\/index.php?rest_route=\/wp\/v2\/pages\/595\/revisions\/682"}],"wp:attachment":[{"href":"https:\/\/www.janovsky-trhak.cz\/index.php?rest_route=%2Fwp%2Fv2%2Fmedia&parent=595"}],"curies":[{"name":"wp","href":"https:\/\/api.w.org\/{rel}","templated":true}]}}